{"id":776,"date":"2020-11-29T07:51:06","date_gmt":"2020-11-29T11:51:06","guid":{"rendered":"https:\/\/jausoft.com\/blog\/?page_id=776"},"modified":"2020-11-29T12:26:36","modified_gmt":"2020-11-29T16:26:36","slug":"disclaimer-haftungsausschluss","status":"publish","type":"page","link":"https:\/\/jausoft.com\/blog\/disclaimer-haftungsausschluss\/","title":{"rendered":"Disclaimer \/ Haftungsausschluss"},"content":{"rendered":"<p>Weder G\u00f6thel Software e.K. noch die Autoren \u00fcbernehmen \u00fcber verlinkte Inhalte eine Haftung.<\/p>\n<p>Wir \u00fcberpr\u00fcfen zwar die Inhalte der verlinkten Seite zum Zeitpunkt der Publikation und f\u00fcgen meistens auch entsprechende Anmerkungen hinzu &#8211; k\u00f6nnen eben danach nicht auf eventuelle \u00c4nderungen reagieren. Letzteres w\u00fcrde unsere Kapazit\u00e4ten sprengen und jegliche Publikation verhindern und somit den <em>Geist des Internets<\/em> (<em>Word Wide Web<\/em>) untergraben.<\/p>\n<p>Selbst zum Zeitpunkt der Publikation eines Links, bedeutet die Publikation nicht zwingend, das wir mit den Inhalten \u00fcbereinstimmen. Wir sammeln und publizieren Inhalte auch zur Dokumentation von historischen Ereignissen, welche durchaus nicht unserer Meinung entsprechen m\u00fcssen. Hier berufen wir uns auf die <a href=\"https:\/\/www.gesetze-im-internet.de\/gg\/art_5.html\">freie Meinungs\u00e4u\u00dferung<\/a> und den <a href=\"https:\/\/www.anwalt.org\/pressekodex\/\">Journalistischen Grunds\u00e4tzen<\/a>.<\/p>\n<p>+++<\/p>\n<p>Neither G\u00f6thel Software e.K. nor the authors assume liability for linked content.<\/p>\n<p>We check the contents of the linked pages at the time of publication and usually add comments &#8211; but we cannot react to any changes afterwards. The latter would exceed our capacities and prevent any publication and thus undermine the spirit of the internet (Word Wide Web).<\/p>\n<p>Even at the time of publishing a link, the publication does not necessarily mean that we agree with the content. We collect and publish content also for the documentation of historical events, which do not necessarily correspond to our opinion. Here we refer to the freedom of speech and journalistic principles.<\/p>\n","protected":false},"excerpt":{"rendered":"<p>Weder G\u00f6thel Software e.K. noch die Autoren \u00fcbernehmen \u00fcber verlinkte Inhalte eine Haftung. Wir \u00fcberpr\u00fcfen zwar die Inhalte der verlinkten Seite zum Zeitpunkt der Publikation und f\u00fcgen meistens auch entsprechende Anmerkungen hinzu &#8211; k\u00f6nnen eben danach nicht auf eventuelle \u00c4nderungen reagieren. Letzteres w\u00fcrde unsere Kapazit\u00e4ten sprengen und jegliche Publikation verhindern und somit den Geist des&hellip; <a class=\"more-link\" href=\"https:\/\/jausoft.com\/blog\/disclaimer-haftungsausschluss\/\">Continue reading <span class=\"screen-reader-text\">Disclaimer \/ Haftungsausschluss<\/span> <span class=\"meta-nav\" aria-hidden=\"true\">&rarr;<\/span><\/a><\/p>\n","protected":false},"author":2,"featured_media":0,"parent":0,"menu_order":0,"comment_status":"closed","ping_status":"closed","template":"","meta":{"inline_featured_image":false,"footnotes":""},"class_list":["post-776","page","type-page","status-publish","hentry"],"_links":{"self":[{"href":"https:\/\/jausoft.com\/blog\/wp-json\/wp\/v2\/pages\/776","targetHints":{"allow":["GET"]}}],"collection":[{"href":"https:\/\/jausoft.com\/blog\/wp-json\/wp\/v2\/pages"}],"about":[{"href":"https:\/\/jausoft.com\/blog\/wp-json\/wp\/v2\/types\/page"}],"author":[{"embeddable":true,"href":"https:\/\/jausoft.com\/blog\/wp-json\/wp\/v2\/users\/2"}],"replies":[{"embeddable":true,"href":"https:\/\/jausoft.com\/blog\/wp-json\/wp\/v2\/comments?post=776"}],"version-history":[{"count":4,"href":"https:\/\/jausoft.com\/blog\/wp-json\/wp\/v2\/pages\/776\/revisions"}],"predecessor-version":[{"id":784,"href":"https:\/\/jausoft.com\/blog\/wp-json\/wp\/v2\/pages\/776\/revisions\/784"}],"wp:attachment":[{"href":"https:\/\/jausoft.com\/blog\/wp-json\/wp\/v2\/media?parent=776"}],"curies":[{"name":"wp","href":"https:\/\/api.w.org\/{rel}","templated":true}]}}